{"id":1872,"date":"2026-02-17T07:54:22","date_gmt":"2026-02-17T07:54:22","guid":{"rendered":"https:\/\/mirko.ahinej.com\/galerie\/"},"modified":"2026-04-01T12:38:27","modified_gmt":"2026-04-01T12:38:27","slug":"galerie","status":"publish","type":"page","link":"https:\/\/mirko.ahinej.com\/de\/galerie\/","title":{"rendered":"Galerie"},"content":{"rendered":"<p>[et_pb_section fb_built=&#8220;1&#8243; _builder_version=&#8220;4.27.6&#8243; _module_preset=&#8220;default&#8220; background_image=&#8220;https:\/\/mirko.ahinej.com\/wp-content\/uploads\/2026\/03\/DJI_20260323183500_0082_D-HDR.jpg&#8220; custom_margin=&#8220;||-70px||false|false&#8220; custom_padding=&#8220;||212px||false|false&#8220; hover_enabled=&#8220;0&#8243; da_disable_devices=&#8220;off|off|off&#8220; global_colors_info=&#8220;{}&#8220; title_text=&#8220;DJI_20260323183500_0082_D-HDR&#8220; sticky_enabled=&#8220;0&#8243; da_is_popup=&#8220;off&#8220; da_exit_intent=&#8220;off&#8220; da_has_close=&#8220;on&#8220; da_alt_close=&#8220;off&#8220; da_dark_close=&#8220;off&#8220; da_not_modal=&#8220;on&#8220; da_is_singular=&#8220;off&#8220; da_with_loader=&#8220;off&#8220; da_has_shadow=&#8220;on&#8220;][et_pb_row _builder_version=&#8220;4.27.5&#8243; _module_preset=&#8220;default&#8220; custom_margin=&#8220;130px||||false|false&#8220; animation_style=&#8220;fade&#8220; animation_duration=&#8220;900ms&#8220; animation_delay=&#8220;350ms&#8220; animation_starting_opacity=&#8220;10%&#8220; locked=&#8220;off&#8220; global_colors_info=&#8220;{}&#8220;][et_pb_column type=&#8220;4_4&#8243; _builder_version=&#8220;4.27.5&#8243; _module_preset=&#8220;default&#8220; custom_css_main_element=&#8220;display: flex;||flex-direction: column;&#8220; global_colors_info=&#8220;{}&#8220;][et_pb_heading title=&#8220;Galerie&#8220; _builder_version=&#8220;4.27.6&#8243; _module_preset=&#8220;default&#8220; title_font=&#8220;&#8211;et_global_heading_font||||||||&#8220; title_text_align=&#8220;center&#8220; title_text_color=&#8220;#FFFFFF&#8220; title_font_size=&#8220;50px&#8220; title_text_shadow_style=&#8220;preset3&#8243; title_text_shadow_color=&#8220;#000000&#8243; global_colors_info=&#8220;{}&#8220;][\/et_pb_heading][et_pb_divider color=&#8220;#9D7A67&#8243; divider_weight=&#8220;2px&#8220; _builder_version=&#8220;4.27.6&#8243; _module_preset=&#8220;default&#8220; width=&#8220;13%&#8220; max_width=&#8220;100%&#8220; module_alignment=&#8220;center&#8220; custom_margin=&#8220;-20px||||false|false&#8220; locked=&#8220;off&#8220; global_colors_info=&#8220;{}&#8220;][\/et_pb_divider][et_pb_heading title=&#8220;Ein Ort, an dem Eleganz auf mediterranes Flair und Komfort trifft.&lt;br&gt; &lt;br&gt; &lt;br&gt;&#8220; _builder_version=&#8220;4.27.6&#8243; _module_preset=&#8220;default&#8220; title_level=&#8220;h3&#8243; title_font=&#8220;&#8211;et_global_body_font||||||||&#8220; title_text_align=&#8220;center&#8220; title_text_color=&#8220;#FFFFFF&#8220; title_font_size=&#8220;15px&#8220; title_letter_spacing=&#8220;3px&#8220; title_line_height=&#8220;1.2em&#8220; text_shadow_style=&#8220;preset3&#8243; text_shadow_color=&#8220;#000000&#8243; global_colors_info=&#8220;{}&#8220;][\/et_pb_heading][\/et_pb_column][\/et_pb_row][\/et_pb_section][et_pb_section fb_built=&#8220;1&#8243; _builder_version=&#8220;4.27.5&#8243; _module_preset=&#8220;default&#8220; da_disable_devices=&#8220;off|off|off&#8220; global_colors_info=&#8220;{}&#8220; da_is_popup=&#8220;off&#8220; da_exit_intent=&#8220;off&#8220; da_has_close=&#8220;on&#8220; da_alt_close=&#8220;off&#8220; da_dark_close=&#8220;off&#8220; da_not_modal=&#8220;on&#8220; da_is_singular=&#8220;off&#8220; da_with_loader=&#8220;off&#8220; da_has_shadow=&#8220;on&#8220;][et_pb_row _builder_version=&#8220;4.27.5&#8243; _module_preset=&#8220;default&#8220; global_colors_info=&#8220;{}&#8220;][et_pb_column type=&#8220;4_4&#8243; _builder_version=&#8220;4.27.5&#8243; _module_preset=&#8220;default&#8220; global_colors_info=&#8220;{}&#8220;][et_pb_text _builder_version=&#8220;4.27.5&#8243; _module_preset=&#8220;default&#8220; text_font=&#8220;&#8211;et_global_body_font||||||||&#8220; text_font_size=&#8220;15px&#8220; text_letter_spacing=&#8220;1px&#8220; text_line_height=&#8220;1.8em&#8220; text_orientation=&#8220;center&#8220; animation_style=&#8220;fade&#8220; animation_duration=&#8220;900ms&#8220; animation_delay=&#8220;350ms&#8220; animation_starting_opacity=&#8220;10%&#8220; global_colors_info=&#8220;{}&#8220;]<\/p>\n<p>Jede Aufnahme enth\u00fcllt einen Teil des Erlebnisses, das Sie erwartet \u2013 helle und luftige R\u00e4ume, luxuri\u00f6se Ausstattung, ein sorgf\u00e4ltig durchdachtes Interior-Design sowie Au\u00dfenbereiche, die zum Entspannen und geselligen Beisammensein einladen.<br \/>Lassen Sie sich von den Bildern inspirieren, um das Ambiente, das die Villa Aser ihren G\u00e4sten bietet, bestm\u00f6glich zu erleben. Sp\u00fcren Sie die Atmosph\u00e4re eines authentischen mediterranen Lebensstils durch Eindr\u00fccke, die Sie durch jeden Winkel unserer Villa f\u00fchren \u2013 von eleganten Innenr\u00e4umen bis hin zu ruhigen Au\u00dfenbereichen mit einem atemberaubenden Ausblick.  <\/p>\n<p>[\/et_pb_text][\/et_pb_column][\/et_pb_row][\/et_pb_section][et_pb_section fb_built=&#8220;1&#8243; _builder_version=&#8220;4.27.5&#8243; _module_preset=&#8220;default&#8220; da_disable_devices=&#8220;off|off|off&#8220; global_colors_info=&#8220;{}&#8220; da_is_popup=&#8220;off&#8220; da_exit_intent=&#8220;off&#8220; da_has_close=&#8220;on&#8220; da_alt_close=&#8220;off&#8220; da_dark_close=&#8220;off&#8220; da_not_modal=&#8220;on&#8220; da_is_singular=&#8220;off&#8220; da_with_loader=&#8220;off&#8220; da_has_shadow=&#8220;on&#8220;][et_pb_row _builder_version=&#8220;4.27.5&#8243; _module_preset=&#8220;default&#8220; custom_margin=&#8220;||80px||false|false&#8220; custom_padding=&#8220;55px|55px|55px|55px|true|true&#8220; animation_style=&#8220;fade&#8220; animation_duration=&#8220;900ms&#8220; animation_delay=&#8220;350ms&#8220; animation_starting_opacity=&#8220;10%&#8220; box_shadow_style=&#8220;preset2&#8243; global_colors_info=&#8220;{}&#8220;][et_pb_column type=&#8220;4_4&#8243; _builder_version=&#8220;4.27.5&#8243; _module_preset=&#8220;default&#8220; global_colors_info=&#8220;{}&#8220;][et_pb_gallery posts_number=&#8220;50&#8243; orientation=&#8220;portrait&#8220; show_title_and_caption=&#8220;off&#8220; _builder_version=&#8220;4.27.6&#8243; _module_preset=&#8220;default&#8220; custom_padding=&#8220;||||false|false&#8220; box_shadow_style_image=&#8220;preset2&#8243; global_colors_info=&#8220;{}&#8220; gallery_ids=&#8220;2194,2195,2196,2197,2198,2199,2200,2201,2202,2203,2204,2205,2206,2207,2208,2209,2210,2211,2212,2213,2214,2215,2216,2217,2218,2219,2032,2220,2034,2031,2221,2222,2223,2224,2225,2226,2227,2228,2229,2230,2231,2232,2233,2234,2235&#8243;][\/et_pb_gallery][\/et_pb_column][\/et_pb_row][\/et_pb_section]<\/p>\n","protected":false},"excerpt":{"rendered":"<p>Jede Aufnahme enth\u00fcllt einen Teil des Erlebnisses, das Sie erwartet \u2013 helle und luftige R\u00e4ume, luxuri\u00f6se Ausstattung, ein sorgf\u00e4ltig durchdachtes Interior-Design sowie Au\u00dfenbereiche, die zum Entspannen und geselligen Beisammensein einladen.Lassen Sie sich von den Bildern inspirieren, um das Ambiente, das die Villa Aser ihren G\u00e4sten bietet, bestm\u00f6glich zu erleben. Sp\u00fcren Sie die Atmosph\u00e4re eines authentischen [&hellip;]<\/p>\n","protected":false},"author":2,"featured_media":0,"parent":0,"menu_order":0,"comment_status":"closed","ping_status":"closed","template":"","meta":{"_et_pb_use_builder":"on","_et_pb_old_content":"","_et_gb_content_width":"","footnotes":""},"class_list":["post-1872","page","type-page","status-publish","hentry"],"yoast_head":"<!-- This site is optimized with the Yoast SEO plugin v27.2 - https:\/\/yoast.com\/product\/yoast-seo-wordpress\/ -->\n<title>Galerie - Villa Asper<\/title>\n<meta name=\"robots\" content=\"index, follow, max-snippet:-1, max-image-preview:large, max-video-preview:-1\" \/>\n<link rel=\"canonical\" href=\"https:\/\/mirko.ahinej.com\/de\/galerie\/\" \/>\n<meta property=\"og:locale\" content=\"de_DE\" \/>\n<meta property=\"og:type\" content=\"article\" \/>\n<meta property=\"og:title\" content=\"Galerie - Villa Asper\" \/>\n<meta property=\"og:description\" content=\"Jede Aufnahme enth\u00fcllt einen Teil des Erlebnisses, das Sie erwartet \u2013 helle und luftige R\u00e4ume, luxuri\u00f6se Ausstattung, ein sorgf\u00e4ltig durchdachtes Interior-Design sowie Au\u00dfenbereiche, die zum Entspannen und geselligen Beisammensein einladen.Lassen Sie sich von den Bildern inspirieren, um das Ambiente, das die Villa Aser ihren G\u00e4sten bietet, bestm\u00f6glich zu erleben. Sp\u00fcren Sie die Atmosph\u00e4re eines authentischen [&hellip;]\" \/>\n<meta property=\"og:url\" content=\"https:\/\/mirko.ahinej.com\/de\/galerie\/\" \/>\n<meta property=\"og:site_name\" content=\"Villa Asper\" \/>\n<meta property=\"article:modified_time\" content=\"2026-04-01T12:38:27+00:00\" \/>\n<meta name=\"twitter:card\" content=\"summary_large_image\" \/>\n<meta name=\"twitter:label1\" content=\"Gesch\u00e4tzte Lesezeit\" \/>\n\t<meta name=\"twitter:data1\" content=\"3\u00a0Minuten\" \/>\n<script type=\"application\/ld+json\" class=\"yoast-schema-graph\">{\"@context\":\"https:\/\/schema.org\",\"@graph\":[{\"@type\":\"WebPage\",\"@id\":\"https:\/\/mirko.ahinej.com\/de\/galerie\/\",\"url\":\"https:\/\/mirko.ahinej.com\/de\/galerie\/\",\"name\":\"Galerie - Villa Asper\",\"isPartOf\":{\"@id\":\"https:\/\/mirko.ahinej.com\/#website\"},\"datePublished\":\"2026-02-17T07:54:22+00:00\",\"dateModified\":\"2026-04-01T12:38:27+00:00\",\"breadcrumb\":{\"@id\":\"https:\/\/mirko.ahinej.com\/de\/galerie\/#breadcrumb\"},\"inLanguage\":\"de\",\"potentialAction\":[{\"@type\":\"ReadAction\",\"target\":[\"https:\/\/mirko.ahinej.com\/de\/galerie\/\"]}]},{\"@type\":\"BreadcrumbList\",\"@id\":\"https:\/\/mirko.ahinej.com\/de\/galerie\/#breadcrumb\",\"itemListElement\":[{\"@type\":\"ListItem\",\"position\":1,\"name\":\"Po\u010detna stranica\",\"item\":\"https:\/\/mirko.ahinej.com\/de\/startseite\/\"},{\"@type\":\"ListItem\",\"position\":2,\"name\":\"Galerie\"}]},{\"@type\":\"WebSite\",\"@id\":\"https:\/\/mirko.ahinej.com\/#website\",\"url\":\"https:\/\/mirko.ahinej.com\/\",\"name\":\"Villa Asper\",\"description\":\"\",\"potentialAction\":[{\"@type\":\"SearchAction\",\"target\":{\"@type\":\"EntryPoint\",\"urlTemplate\":\"https:\/\/mirko.ahinej.com\/?s={search_term_string}\"},\"query-input\":{\"@type\":\"PropertyValueSpecification\",\"valueRequired\":true,\"valueName\":\"search_term_string\"}}],\"inLanguage\":\"de\"}]}<\/script>\n<!-- \/ Yoast SEO plugin. -->","yoast_head_json":{"title":"Galerie - Villa Asper","robots":{"index":"index","follow":"follow","max-snippet":"max-snippet:-1","max-image-preview":"max-image-preview:large","max-video-preview":"max-video-preview:-1"},"canonical":"https:\/\/mirko.ahinej.com\/de\/galerie\/","og_locale":"de_DE","og_type":"article","og_title":"Galerie - Villa Asper","og_description":"Jede Aufnahme enth\u00fcllt einen Teil des Erlebnisses, das Sie erwartet \u2013 helle und luftige R\u00e4ume, luxuri\u00f6se Ausstattung, ein sorgf\u00e4ltig durchdachtes Interior-Design sowie Au\u00dfenbereiche, die zum Entspannen und geselligen Beisammensein einladen.Lassen Sie sich von den Bildern inspirieren, um das Ambiente, das die Villa Aser ihren G\u00e4sten bietet, bestm\u00f6glich zu erleben. Sp\u00fcren Sie die Atmosph\u00e4re eines authentischen [&hellip;]","og_url":"https:\/\/mirko.ahinej.com\/de\/galerie\/","og_site_name":"Villa Asper","article_modified_time":"2026-04-01T12:38:27+00:00","twitter_card":"summary_large_image","twitter_misc":{"Gesch\u00e4tzte Lesezeit":"3\u00a0Minuten"},"schema":{"@context":"https:\/\/schema.org","@graph":[{"@type":"WebPage","@id":"https:\/\/mirko.ahinej.com\/de\/galerie\/","url":"https:\/\/mirko.ahinej.com\/de\/galerie\/","name":"Galerie - Villa Asper","isPartOf":{"@id":"https:\/\/mirko.ahinej.com\/#website"},"datePublished":"2026-02-17T07:54:22+00:00","dateModified":"2026-04-01T12:38:27+00:00","breadcrumb":{"@id":"https:\/\/mirko.ahinej.com\/de\/galerie\/#breadcrumb"},"inLanguage":"de","potentialAction":[{"@type":"ReadAction","target":["https:\/\/mirko.ahinej.com\/de\/galerie\/"]}]},{"@type":"BreadcrumbList","@id":"https:\/\/mirko.ahinej.com\/de\/galerie\/#breadcrumb","itemListElement":[{"@type":"ListItem","position":1,"name":"Po\u010detna stranica","item":"https:\/\/mirko.ahinej.com\/de\/startseite\/"},{"@type":"ListItem","position":2,"name":"Galerie"}]},{"@type":"WebSite","@id":"https:\/\/mirko.ahinej.com\/#website","url":"https:\/\/mirko.ahinej.com\/","name":"Villa Asper","description":"","potentialAction":[{"@type":"SearchAction","target":{"@type":"EntryPoint","urlTemplate":"https:\/\/mirko.ahinej.com\/?s={search_term_string}"},"query-input":{"@type":"PropertyValueSpecification","valueRequired":true,"valueName":"search_term_string"}}],"inLanguage":"de"}]}},"_links":{"self":[{"href":"https:\/\/mirko.ahinej.com\/de\/wp-json\/wp\/v2\/pages\/1872","targetHints":{"allow":["GET"]}}],"collection":[{"href":"https:\/\/mirko.ahinej.com\/de\/wp-json\/wp\/v2\/pages"}],"about":[{"href":"https:\/\/mirko.ahinej.com\/de\/wp-json\/wp\/v2\/types\/page"}],"author":[{"embeddable":true,"href":"https:\/\/mirko.ahinej.com\/de\/wp-json\/wp\/v2\/users\/2"}],"replies":[{"embeddable":true,"href":"https:\/\/mirko.ahinej.com\/de\/wp-json\/wp\/v2\/comments?post=1872"}],"version-history":[{"count":9,"href":"https:\/\/mirko.ahinej.com\/de\/wp-json\/wp\/v2\/pages\/1872\/revisions"}],"predecessor-version":[{"id":2258,"href":"https:\/\/mirko.ahinej.com\/de\/wp-json\/wp\/v2\/pages\/1872\/revisions\/2258"}],"wp:attachment":[{"href":"https:\/\/mirko.ahinej.com\/de\/wp-json\/wp\/v2\/media?parent=1872"}],"curies":[{"name":"wp","href":"https:\/\/api.w.org\/{rel}","templated":true}]}}