{"id":1841,"date":"2026-02-16T08:07:43","date_gmt":"2026-02-16T08:07:43","guid":{"rendered":"https:\/\/mirko.ahinej.com\/ueber-uns\/"},"modified":"2026-04-03T06:49:41","modified_gmt":"2026-04-03T06:49:41","slug":"ueber-uns","status":"publish","type":"page","link":"https:\/\/mirko.ahinej.com\/de\/ueber-uns\/","title":{"rendered":"\u00dcber uns"},"content":{"rendered":"<p>[et_pb_section fb_built=&#8220;1&#8243; _builder_version=&#8220;4.27.6&#8243; _module_preset=&#8220;default&#8220; background_image=&#8220;https:\/\/mirko.ahinej.com\/wp-content\/uploads\/2026\/03\/DJI_20260323183215_0049_D-HDR.jpg&#8220; background_blend=&#8220;darken&#8220; width=&#8220;100%&#8220; custom_margin=&#8220;||-70px||false|false&#8220; custom_padding=&#8220;||133px||false|false&#8220; animation_style=&#8220;fade&#8220; animation_duration=&#8220;900ms&#8220; animation_delay=&#8220;350ms&#8220; animation_starting_opacity=&#8220;10%&#8220; da_disable_devices=&#8220;off|off|off&#8220; global_colors_info=&#8220;{}&#8220; da_is_popup=&#8220;off&#8220; da_exit_intent=&#8220;off&#8220; da_has_close=&#8220;on&#8220; da_alt_close=&#8220;off&#8220; da_dark_close=&#8220;off&#8220; da_not_modal=&#8220;on&#8220; da_is_singular=&#8220;off&#8220; da_with_loader=&#8220;off&#8220; da_has_shadow=&#8220;on&#8220;][et_pb_row _builder_version=&#8220;4.27.5&#8243; _module_preset=&#8220;default&#8220; custom_margin=&#8220;130px||||false|false&#8220; animation_style=&#8220;fade&#8220; animation_duration=&#8220;900ms&#8220; animation_delay=&#8220;350ms&#8220; animation_starting_opacity=&#8220;10%&#8220; global_colors_info=&#8220;{}&#8220;][et_pb_column type=&#8220;4_4&#8243; _builder_version=&#8220;4.27.5&#8243; _module_preset=&#8220;default&#8220; custom_css_main_element=&#8220;display: flex;||flex-direction: column;&#8220; global_colors_info=&#8220;{}&#8220;][et_pb_heading title=&#8220;\u00dcber uns&#8220; _builder_version=&#8220;4.27.6&#8243; _module_preset=&#8220;default&#8220; title_font=&#8220;&#8211;et_global_heading_font||||||||&#8220; title_text_align=&#8220;center&#8220; title_text_color=&#8220;#FFFFFF&#8220; title_font_size=&#8220;50px&#8220; title_letter_spacing=&#8220;2px&#8220; module_alignment=&#8220;center&#8220; custom_margin=&#8220;||17px||false|false&#8220; title_text_shadow_style=&#8220;preset2&#8243; title_text_shadow_color=&#8220;#000000&#8243; global_colors_info=&#8220;{}&#8220;][\/et_pb_heading][et_pb_divider color=&#8220;#9D7A67&#8243; divider_weight=&#8220;2px&#8220; _builder_version=&#8220;4.27.6&#8243; _module_preset=&#8220;default&#8220; width=&#8220;19%&#8220; max_width=&#8220;100%&#8220; module_alignment=&#8220;center&#8220; custom_margin=&#8220;-20px||||false|false&#8220; locked=&#8220;off&#8220; global_colors_info=&#8220;{}&#8220;][\/et_pb_divider][et_pb_heading title=&#8220;Ein Ort, an dem Luxus auf die Ruhe Istriens trifft \u2013 geschaffen f\u00fcr einen unvergesslichen Urlaub&#8220; _builder_version=&#8220;4.27.6&#8243; _module_preset=&#8220;default&#8220; title_level=&#8220;h3&#8243; title_font=&#8220;&#8211;et_global_body_font||||||||&#8220; title_text_align=&#8220;center&#8220; title_text_color=&#8220;#FFFFFF&#8220; title_font_size=&#8220;15px&#8220; title_letter_spacing=&#8220;2px&#8220; text_shadow_style=&#8220;preset3&#8243; text_shadow_color=&#8220;#000000&#8243; global_colors_info=&#8220;{}&#8220;][\/et_pb_heading][et_pb_divider _builder_version=&#8220;4.27.5&#8243; _module_preset=&#8220;default&#8220; global_colors_info=&#8220;{}&#8220;][\/et_pb_divider][\/et_pb_column][\/et_pb_row][\/et_pb_section][et_pb_section fb_built=&#8220;1&#8243; _builder_version=&#8220;4.27.6&#8243; _module_preset=&#8220;default&#8220; min_height=&#8220;1691.5px&#8220; custom_margin=&#8220;33px||0px||false|false&#8220; custom_padding=&#8220;0px||0px||false|false&#8220; hover_enabled=&#8220;0&#8243; da_disable_devices=&#8220;off|off|off&#8220; global_colors_info=&#8220;{}&#8220; sticky_enabled=&#8220;0&#8243; da_is_popup=&#8220;off&#8220; da_exit_intent=&#8220;off&#8220; da_has_close=&#8220;on&#8220; da_alt_close=&#8220;off&#8220; da_dark_close=&#8220;off&#8220; da_not_modal=&#8220;on&#8220; da_is_singular=&#8220;off&#8220; da_with_loader=&#8220;off&#8220; da_has_shadow=&#8220;on&#8220;][et_pb_row column_structure=&#8220;1_2,1_2&#8243; use_custom_gutter=&#8220;on&#8220; gutter_width=&#8220;1&#8243; _builder_version=&#8220;4.27.6&#8243; _module_preset=&#8220;default&#8220; module_alignment=&#8220;center&#8220; custom_margin=&#8220;||17px||false|false&#8220; custom_padding=&#8220;90px||||false|false&#8220; hover_enabled=&#8220;0&#8243; locked=&#8220;off&#8220; global_colors_info=&#8220;{}&#8220; sticky_enabled=&#8220;0&#8243; custom_margin_last_edited=&#8220;on|tablet&#8220; custom_margin_tablet=&#8220;0px||||false|false&#8220; custom_padding_last_edited=&#8220;on|tablet&#8220; custom_padding_tablet=&#8220;0px||||false|false&#8220; custom_margin_phone=&#8220;0px||||false|false&#8220; custom_padding_phone=&#8220;0px||||false|false&#8220;][et_pb_column type=&#8220;1_2&#8243; _builder_version=&#8220;4.27.6&#8243; _module_preset=&#8220;default&#8220; background_color=&#8220;#FFFFFF&#8220; transform_scale=&#8220;97%|97%&#8220; transform_translate=&#8220;10px|173px&#8220; custom_padding=&#8220;168px|70px|168px|70px|false|true&#8220; animation_style=&#8220;slide&#8220; animation_direction=&#8220;left&#8220; animation_duration=&#8220;900ms&#8220; animation_delay=&#8220;350ms&#8220; animation_intensity_slide=&#8220;10%&#8220; animation_starting_opacity=&#8220;10%&#8220; hover_enabled=&#8220;0&#8243; custom_css_main_element=&#8220;display: flex;||flex-direction: column;&#8220; box_shadow_style=&#8220;preset2&#8243; global_colors_info=&#8220;{}&#8220; sticky_enabled=&#8220;0&#8243; custom_padding_last_edited=&#8220;on|tablet&#8220; custom_padding_tablet=&#8220;90px|70px|220px|70px|false|true&#8220; custom_padding_phone=&#8220;90px|70px|220px|70px|false|true&#8220;][et_pb_heading title=&#8220;Die Geschichte hinter dem Namen&#8220; _builder_version=&#8220;4.27.5&#8243; _module_preset=&#8220;default&#8220; title_font_size=&#8220;50px&#8220; global_colors_info=&#8220;{}&#8220;][\/et_pb_heading][et_pb_text _builder_version=&#8220;4.27.5&#8243; _module_preset=&#8220;default&#8220; text_font=&#8220;|300|||||||&#8220; text_text_color=&#8220;#000000&#8243; text_font_size=&#8220;17px&#8220; text_letter_spacing=&#8220;1px&#8220; text_line_height=&#8220;1.8em&#8220; global_colors_info=&#8220;{}&#8220;]<\/p>\n<p>Die Villa Asper entstand aus der Idee, einen Raum zu schaffen, in dem man sofort entschleunigt \u2013 wo jedes Detail durchdacht ist und die Atmosph\u00e4re ruhig genug, um den eigenen Frieden zu h\u00f6ren.<br data-start=\"678\" data-end=\"681\">Im modernen, eleganten Stil eingerichtet, bewahrt die Villa das, was Istrien am besten kann: Einfachheit, W\u00e4rme und das Gef\u00fchl von Zuhause.<\/p>\n<p>[\/et_pb_text][\/et_pb_column][et_pb_column type=&#8220;1_2&#8243; _builder_version=&#8220;4.27.6&#8243; _module_preset=&#8220;default&#8220; animation_style=&#8220;slide&#8220; animation_direction=&#8220;right&#8220; animation_duration=&#8220;900ms&#8220; animation_delay=&#8220;350ms&#8220; animation_intensity_slide=&#8220;10%&#8220; custom_css_main_element=&#8220;display: flex;||flex-direction: column;&#8220; global_colors_info=&#8220;{}&#8220;][et_pb_image src=&#8220;https:\/\/mirko.ahinej.com\/wp-content\/uploads\/2026\/03\/ChatGPT-Image-31.-ozu-2026.-09_56_09.png&#8220; title_text=&#8220;ChatGPT-Bild-31.-M\u00e4rz-2026.-09_56_09&#8243; _builder_version=&#8220;4.27.6&#8243; _module_preset=&#8220;default&#8220; width=&#8220;85%&#8220; animation_style=&#8220;fade&#8220; animation_duration=&#8220;900ms&#8220; animation_delay=&#8220;350ms&#8220; animation_starting_opacity=&#8220;10%&#8220; box_shadow_style=&#8220;preset2&#8243; global_colors_info=&#8220;{}&#8220;][\/et_pb_image][\/et_pb_column][\/et_pb_row][et_pb_row use_custom_gutter=&#8220;on&#8220; gutter_width=&#8220;1&#8243; custom_padding_last_edited=&#8220;on|desktop&#8220; _builder_version=&#8220;4.27.6&#8243; _module_preset=&#8220;default&#8220; transform_translate=&#8220;236px|-90px&#8220; z_index=&#8220;13&#8243; width=&#8220;100%&#8220; max_width=&#8220;1105px&#8220; custom_margin=&#8220;-15px|280px|0px|auto|false|false&#8220; custom_padding=&#8220;|200px|0px||false|false&#8220; custom_padding_tablet=&#8220;||0px||false|false&#8220; custom_padding_phone=&#8220;||0px||false|false&#8220; animation_style=&#8220;slide&#8220; animation_direction=&#8220;bottom&#8220; animation_duration=&#8220;900ms&#8220; animation_delay=&#8220;350ms&#8220; animation_intensity_slide=&#8220;10%&#8220; hover_enabled=&#8220;0&#8243; locked=&#8220;off&#8220; global_colors_info=&#8220;{}&#8220; sticky_enabled=&#8220;0&#8243; custom_margin_last_edited=&#8220;on|tablet&#8220; custom_margin_tablet=&#8220;-48px|||-143px|false|false&#8220; custom_margin_phone=&#8220;-48px|||-143px|false|false&#8220;][et_pb_column type=&#8220;4_4&#8243; admin_label=&#8220;Column&#8220; _builder_version=&#8220;4.27.6&#8243; _module_preset=&#8220;default&#8220; background_color=&#8220;#FFFFFF&#8220; transform_scale=&#8220;97%|97%&#8220; transform_translate=&#8220;12px|70px&#8220; custom_padding=&#8220;142px|70px|142px|70px|true|true&#8220; animation_style=&#8220;fade&#8220; animation_duration=&#8220;900ms&#8220; animation_delay=&#8220;350ms&#8220; animation_starting_opacity=&#8220;10%&#8220; hover_enabled=&#8220;0&#8243; custom_css_main_element=&#8220;display: flex;||flex-direction: column;&#8220; box_shadow_style=&#8220;preset2&#8243; global_colors_info=&#8220;{}&#8220; sticky_enabled=&#8220;0&#8243;][et_pb_heading title=&#8220;Istrien in Reichweite&#8220; _builder_version=&#8220;4.27.5&#8243; _module_preset=&#8220;default&#8220; title_font_size=&#8220;50px&#8220; global_colors_info=&#8220;{}&#8220;][\/et_pb_heading][et_pb_text _builder_version=&#8220;4.27.6&#8243; _module_preset=&#8220;default&#8220; text_font=&#8220;|300|||||||&#8220; text_text_color=&#8220;#000000&#8243; text_font_size=&#8220;17px&#8220; text_letter_spacing=&#8220;1px&#8220; text_line_height=&#8220;1.8em&#8220; hover_enabled=&#8220;0&#8243; global_colors_info=&#8220;{}&#8220; sticky_enabled=&#8220;0&#8243; custom_padding=&#8220;|70px|||false|false&#8220; width=&#8220;100%&#8220; max_width=&#8220;100%&#8220;]<\/p>\n<p>Die Villa Asper liegt in Li\u017enjan, nur wenige Minuten vom Meer entfernt, und ist der ideale Ausgangspunkt zur Erkundung der istrischen Buchten, Promenaden, lokalen Tavernen und historischen St\u00e4dtchen.<br data-start=\"1052\" data-end=\"1055\">Wenn Sie Abwechslung w\u00fcnschen \u2013 alles ist in der N\u00e4he. Wenn Sie Ruhe suchen \u2013 hier finden Sie sie in Vollendung. <\/p>\n<p>[\/et_pb_text][\/et_pb_column][\/et_pb_row][\/et_pb_section][et_pb_section fb_built=&#8220;1&#8243; fullwidth=&#8220;on&#8220; _builder_version=&#8220;4.27.6&#8243; _module_preset=&#8220;default&#8220; hover_enabled=&#8220;0&#8243; da_disable_devices=&#8220;off|off|off&#8220; locked=&#8220;off&#8220; global_colors_info=&#8220;{}&#8220; sticky_enabled=&#8220;0&#8243; custom_margin_last_edited=&#8220;on|tablet&#8220; custom_margin_tablet=&#8220;80px||||false|false&#8220; da_is_popup=&#8220;off&#8220; da_exit_intent=&#8220;off&#8220; da_has_close=&#8220;on&#8220; da_alt_close=&#8220;off&#8220; da_dark_close=&#8220;off&#8220; da_not_modal=&#8220;on&#8220; da_is_singular=&#8220;off&#8220; da_with_loader=&#8220;off&#8220; da_has_shadow=&#8220;on&#8220; custom_margin_phone=&#8220;80px||||false|false&#8220;][et_pb_fullwidth_slider show_pagination=&#8220;off&#8220; use_bg_overlay=&#8220;on&#8220; bg_overlay_color=&#8220;rgba(0,0,0,0.15)&#8220; arrows_custom_color=&#8220;RGBA(255,255,255,0)&#8220; admin_label=&#8220;Fullwidth Slider&#8220; _builder_version=&#8220;4.27.6&#8243; _module_preset=&#8220;default&#8220; content_width=&#8220;100%&#8220; box_shadow_style=&#8220;preset2&#8243; global_colors_info=&#8220;{}&#8220;][et_pb_slide _builder_version=&#8220;4.27.6&#8243; _module_preset=&#8220;default&#8220; background_enable_color=&#8220;off&#8220; background_image=&#8220;https:\/\/mirko.ahinej.com\/wp-content\/uploads\/2026\/03\/810_7417-1.jpg&#8220; background_enable_image=&#8220;on&#8220; background_repeat=&#8220;repeat&#8220; global_colors_info=&#8220;{}&#8220; sticky_transition=&#8220;on&#8220;][\/et_pb_slide][et_pb_slide _builder_version=&#8220;4.27.6&#8243; _module_preset=&#8220;default&#8220; background_enable_color=&#8220;off&#8220; background_image=&#8220;https:\/\/mirko.ahinej.com\/wp-content\/uploads\/2026\/03\/810_7391.jpg&#8220; background_enable_image=&#8220;on&#8220; background_repeat=&#8220;repeat&#8220; global_colors_info=&#8220;{}&#8220; sticky_transition=&#8220;on&#8220;][\/et_pb_slide][et_pb_slide _builder_version=&#8220;4.27.6&#8243; _module_preset=&#8220;default&#8220; background_enable_color=&#8220;off&#8220; background_image=&#8220;https:\/\/mirko.ahinej.com\/wp-content\/uploads\/2026\/03\/810_7412.jpg&#8220; background_enable_image=&#8220;on&#8220; background_repeat=&#8220;repeat&#8220; global_colors_info=&#8220;{}&#8220; sticky_transition=&#8220;on&#8220;][\/et_pb_slide][et_pb_slide _builder_version=&#8220;4.27.6&#8243; _module_preset=&#8220;default&#8220; background_enable_color=&#8220;off&#8220; background_image=&#8220;https:\/\/mirko.ahinej.com\/wp-content\/uploads\/2026\/03\/810_7399.jpg&#8220; background_enable_image=&#8220;on&#8220; background_repeat=&#8220;repeat&#8220; global_colors_info=&#8220;{}&#8220; sticky_transition=&#8220;on&#8220;][\/et_pb_slide][\/et_pb_fullwidth_slider][\/et_pb_section][et_pb_section fb_built=&#8220;1&#8243; _builder_version=&#8220;4.27.6&#8243; _module_preset=&#8220;default&#8220; hover_enabled=&#8220;0&#8243; da_disable_devices=&#8220;off|off|off&#8220; locked=&#8220;off&#8220; global_colors_info=&#8220;{}&#8220; custom_margin=&#8220;90px||90px||true|false&#8220; sticky_enabled=&#8220;0&#8243; da_is_popup=&#8220;off&#8220; da_exit_intent=&#8220;off&#8220; da_has_close=&#8220;on&#8220; da_alt_close=&#8220;off&#8220; da_dark_close=&#8220;off&#8220; da_not_modal=&#8220;on&#8220; da_is_singular=&#8220;off&#8220; da_with_loader=&#8220;off&#8220; da_has_shadow=&#8220;on&#8220;][et_pb_row _builder_version=&#8220;4.27.5&#8243; _module_preset=&#8220;default&#8220; custom_margin=&#8220;||23px||false|false&#8220; global_colors_info=&#8220;{}&#8220;][et_pb_column type=&#8220;4_4&#8243; _builder_version=&#8220;4.27.5&#8243; _module_preset=&#8220;default&#8220; global_colors_info=&#8220;{}&#8220;][et_pb_image src=&#8220;https:\/\/mirko.ahinej.com\/wp-content\/uploads\/2026\/03\/Dizajn-bez-naslova.jpg&#8220; title_text=&#8220;Dizajn-bez-naslova&#8220; _builder_version=&#8220;4.27.6&#8243; _module_preset=&#8220;default&#8220; width=&#8220;100%&#8220; module_alignment=&#8220;center&#8220; animation_style=&#8220;slide&#8220; animation_direction=&#8220;left&#8220; animation_duration=&#8220;900ms&#8220; animation_delay=&#8220;350ms&#8220; animation_intensity_slide=&#8220;10%&#8220; global_colors_info=&#8220;{}&#8220;][\/et_pb_image][\/et_pb_column][\/et_pb_row][et_pb_row _builder_version=&#8220;4.27.5&#8243; _module_preset=&#8220;default&#8220; background_color=&#8220;#FFFFFF&#8220; z_index=&#8220;10&#8243; width=&#8220;100%&#8220; max_width=&#8220;1299px&#8220; custom_margin=&#8220;-106px||0px||false|false&#8220; custom_padding=&#8220;||65px||false|false&#8220; animation_style=&#8220;slide&#8220; animation_direction=&#8220;right&#8220; animation_duration=&#8220;900ms&#8220; animation_delay=&#8220;350ms&#8220; animation_intensity_slide=&#8220;10%&#8220; animation_starting_opacity=&#8220;10%&#8220; box_shadow_style=&#8220;preset2&#8243; global_colors_info=&#8220;{}&#8220;][et_pb_column type=&#8220;4_4&#8243; _builder_version=&#8220;4.27.5&#8243; _module_preset=&#8220;default&#8220; custom_css_main_element=&#8220;display: flex;||flex-direction: column;&#8220; global_colors_info=&#8220;{}&#8220;][et_pb_heading title=&#8220;Warum Villa Asper?&#8220; _builder_version=&#8220;4.27.5&#8243; _module_preset=&#8220;default&#8220; title_text_align=&#8220;center&#8220; title_font_size=&#8220;50px&#8220; global_colors_info=&#8220;{}&#8220;][\/et_pb_heading][et_pb_text _builder_version=&#8220;4.27.5&#8243; _module_preset=&#8220;default&#8220; text_font=&#8220;|300|||||||&#8220; text_text_color=&#8220;#000000&#8243; text_font_size=&#8220;17px&#8220; text_letter_spacing=&#8220;1px&#8220; text_line_height=&#8220;1.8em&#8220; text_orientation=&#8220;center&#8220; width=&#8220;76%&#8220; module_alignment=&#8220;center&#8220; global_colors_info=&#8220;{}&#8220;]<\/p>\n<p data-start=\"1255\" data-end=\"1321\"><strong data-start=\"1255\" data-end=\"1284\">Privatsph\u00e4re ohne Kompromisse<\/strong> \u2013 Ihr Rhythmus, Ihr Raum, Ihre Ruhe.<\/p>\n<p data-start=\"1324\" data-end=\"1397\"><strong data-start=\"1324\" data-end=\"1345\">Design und Komfort<\/strong> \u2013 moderne \u00c4sthetik, Funktionalit\u00e4t und Gro\u00dfz\u00fcgigkeit.<\/p>\n<p data-start=\"1400\" data-end=\"1471\"><strong data-start=\"1400\" data-end=\"1425\">Urlaub, der l\u00e4nger anh\u00e4lt<\/strong> \u2013 denn das beste Gef\u00fchl ist, wenn man es nicht eilig hat.<\/p>\n<p>[\/et_pb_text][\/et_pb_column][\/et_pb_row][\/et_pb_section]<\/p>\n","protected":false},"excerpt":{"rendered":"<p>Die Villa Asper entstand aus der Idee, einen Raum zu schaffen, in dem man sofort entschleunigt \u2013 wo jedes Detail durchdacht ist und die Atmosph\u00e4re ruhig genug, um den eigenen Frieden zu h\u00f6ren.Im modernen, eleganten Stil eingerichtet, bewahrt die Villa das, was Istrien am besten kann: Einfachheit, W\u00e4rme und das Gef\u00fchl von Zuhause.Die Villa Asper [&hellip;]<\/p>\n","protected":false},"author":2,"featured_media":0,"parent":0,"menu_order":0,"comment_status":"closed","ping_status":"closed","template":"","meta":{"_et_pb_use_builder":"on","_et_pb_old_content":"","_et_gb_content_width":"","footnotes":""},"class_list":["post-1841","page","type-page","status-publish","hentry"],"yoast_head":"<!-- This site is optimized with the Yoast SEO plugin v27.2 - https:\/\/yoast.com\/product\/yoast-seo-wordpress\/ -->\n<title>\u00dcber uns - Villa Asper<\/title>\n<meta name=\"robots\" content=\"index, follow, max-snippet:-1, max-image-preview:large, max-video-preview:-1\" \/>\n<link rel=\"canonical\" href=\"https:\/\/mirko.ahinej.com\/o-nama\/\" \/>\n<meta property=\"og:locale\" content=\"de_DE\" \/>\n<meta property=\"og:type\" content=\"article\" \/>\n<meta property=\"og:title\" content=\"\u00dcber uns - Villa Asper\" \/>\n<meta property=\"og:description\" content=\"Die Villa Asper entstand aus der Idee, einen Raum zu schaffen, in dem man sofort entschleunigt \u2013 wo jedes Detail durchdacht ist und die Atmosph\u00e4re ruhig genug, um den eigenen Frieden zu h\u00f6ren.Im modernen, eleganten Stil eingerichtet, bewahrt die Villa das, was Istrien am besten kann: Einfachheit, W\u00e4rme und das Gef\u00fchl von Zuhause.Die Villa Asper [&hellip;]\" \/>\n<meta property=\"og:url\" content=\"https:\/\/mirko.ahinej.com\/o-nama\/\" \/>\n<meta property=\"og:site_name\" content=\"Villa Asper\" \/>\n<meta property=\"article:modified_time\" content=\"2026-04-03T06:49:41+00:00\" \/>\n<meta name=\"twitter:card\" content=\"summary_large_image\" \/>\n<meta name=\"twitter:label1\" content=\"Gesch\u00e4tzte Lesezeit\" \/>\n\t<meta name=\"twitter:data1\" content=\"8\u00a0Minuten\" \/>\n<script type=\"application\/ld+json\" class=\"yoast-schema-graph\">{\"@context\":\"https:\/\/schema.org\",\"@graph\":[{\"@type\":\"WebPage\",\"@id\":\"https:\/\/mirko.ahinej.com\/o-nama\/\",\"url\":\"https:\/\/mirko.ahinej.com\/o-nama\/\",\"name\":\"\u00dcber uns - Villa Asper\",\"isPartOf\":{\"@id\":\"https:\/\/mirko.ahinej.com\/#website\"},\"datePublished\":\"2026-02-16T08:07:43+00:00\",\"dateModified\":\"2026-04-03T06:49:41+00:00\",\"breadcrumb\":{\"@id\":\"https:\/\/mirko.ahinej.com\/o-nama\/#breadcrumb\"},\"inLanguage\":\"de\",\"potentialAction\":[{\"@type\":\"ReadAction\",\"target\":[\"https:\/\/mirko.ahinej.com\/o-nama\/\"]}]},{\"@type\":\"BreadcrumbList\",\"@id\":\"https:\/\/mirko.ahinej.com\/o-nama\/#breadcrumb\",\"itemListElement\":[{\"@type\":\"ListItem\",\"position\":1,\"name\":\"Po\u010detna stranica\",\"item\":\"https:\/\/mirko.ahinej.com\/de\/startseite\/\"},{\"@type\":\"ListItem\",\"position\":2,\"name\":\"\u00dcber uns\"}]},{\"@type\":\"WebSite\",\"@id\":\"https:\/\/mirko.ahinej.com\/#website\",\"url\":\"https:\/\/mirko.ahinej.com\/\",\"name\":\"Villa Asper\",\"description\":\"\",\"potentialAction\":[{\"@type\":\"SearchAction\",\"target\":{\"@type\":\"EntryPoint\",\"urlTemplate\":\"https:\/\/mirko.ahinej.com\/?s={search_term_string}\"},\"query-input\":{\"@type\":\"PropertyValueSpecification\",\"valueRequired\":true,\"valueName\":\"search_term_string\"}}],\"inLanguage\":\"de\"}]}<\/script>\n<!-- \/ Yoast SEO plugin. -->","yoast_head_json":{"title":"\u00dcber uns - Villa Asper","robots":{"index":"index","follow":"follow","max-snippet":"max-snippet:-1","max-image-preview":"max-image-preview:large","max-video-preview":"max-video-preview:-1"},"canonical":"https:\/\/mirko.ahinej.com\/o-nama\/","og_locale":"de_DE","og_type":"article","og_title":"\u00dcber uns - Villa Asper","og_description":"Die Villa Asper entstand aus der Idee, einen Raum zu schaffen, in dem man sofort entschleunigt \u2013 wo jedes Detail durchdacht ist und die Atmosph\u00e4re ruhig genug, um den eigenen Frieden zu h\u00f6ren.Im modernen, eleganten Stil eingerichtet, bewahrt die Villa das, was Istrien am besten kann: Einfachheit, W\u00e4rme und das Gef\u00fchl von Zuhause.Die Villa Asper [&hellip;]","og_url":"https:\/\/mirko.ahinej.com\/o-nama\/","og_site_name":"Villa Asper","article_modified_time":"2026-04-03T06:49:41+00:00","twitter_card":"summary_large_image","twitter_misc":{"Gesch\u00e4tzte Lesezeit":"8\u00a0Minuten"},"schema":{"@context":"https:\/\/schema.org","@graph":[{"@type":"WebPage","@id":"https:\/\/mirko.ahinej.com\/o-nama\/","url":"https:\/\/mirko.ahinej.com\/o-nama\/","name":"\u00dcber uns - Villa Asper","isPartOf":{"@id":"https:\/\/mirko.ahinej.com\/#website"},"datePublished":"2026-02-16T08:07:43+00:00","dateModified":"2026-04-03T06:49:41+00:00","breadcrumb":{"@id":"https:\/\/mirko.ahinej.com\/o-nama\/#breadcrumb"},"inLanguage":"de","potentialAction":[{"@type":"ReadAction","target":["https:\/\/mirko.ahinej.com\/o-nama\/"]}]},{"@type":"BreadcrumbList","@id":"https:\/\/mirko.ahinej.com\/o-nama\/#breadcrumb","itemListElement":[{"@type":"ListItem","position":1,"name":"Po\u010detna stranica","item":"https:\/\/mirko.ahinej.com\/de\/startseite\/"},{"@type":"ListItem","position":2,"name":"\u00dcber uns"}]},{"@type":"WebSite","@id":"https:\/\/mirko.ahinej.com\/#website","url":"https:\/\/mirko.ahinej.com\/","name":"Villa Asper","description":"","potentialAction":[{"@type":"SearchAction","target":{"@type":"EntryPoint","urlTemplate":"https:\/\/mirko.ahinej.com\/?s={search_term_string}"},"query-input":{"@type":"PropertyValueSpecification","valueRequired":true,"valueName":"search_term_string"}}],"inLanguage":"de"}]}},"_links":{"self":[{"href":"https:\/\/mirko.ahinej.com\/de\/wp-json\/wp\/v2\/pages\/1841","targetHints":{"allow":["GET"]}}],"collection":[{"href":"https:\/\/mirko.ahinej.com\/de\/wp-json\/wp\/v2\/pages"}],"about":[{"href":"https:\/\/mirko.ahinej.com\/de\/wp-json\/wp\/v2\/types\/page"}],"author":[{"embeddable":true,"href":"https:\/\/mirko.ahinej.com\/de\/wp-json\/wp\/v2\/users\/2"}],"replies":[{"embeddable":true,"href":"https:\/\/mirko.ahinej.com\/de\/wp-json\/wp\/v2\/comments?post=1841"}],"version-history":[{"count":18,"href":"https:\/\/mirko.ahinej.com\/de\/wp-json\/wp\/v2\/pages\/1841\/revisions"}],"predecessor-version":[{"id":2475,"href":"https:\/\/mirko.ahinej.com\/de\/wp-json\/wp\/v2\/pages\/1841\/revisions\/2475"}],"wp:attachment":[{"href":"https:\/\/mirko.ahinej.com\/de\/wp-json\/wp\/v2\/media?parent=1841"}],"curies":[{"name":"wp","href":"https:\/\/api.w.org\/{rel}","templated":true}]}}